{"id":12799,"date":"2025-04-26T07:33:58","date_gmt":"2025-04-26T05:33:58","guid":{"rendered":"https:\/\/dipiusalo.it\/buchungsbedingungen\/"},"modified":"2025-12-02T14:02:08","modified_gmt":"2025-12-02T13:02:08","slug":"buchungsbedingungen","status":"publish","type":"page","link":"https:\/\/dipiusalo.it\/de\/buchungsbedingungen\/","title":{"rendered":"BUCHUNGSBEDINGUNGEN"},"content":{"rendered":"\t\t<div data-elementor-type=\"wp-page\" data-elementor-id=\"12799\" class=\"elementor elementor-12799 elementor-12781\" data-elementor-post-type=\"page\">\n\t\t\t\t\t\t<section class=\"elementor-section elementor-top-section elementor-element elementor-element-239992cd elementor-section-boxed elementor-section-height-default elementor-section-height-default\" data-id=\"239992cd\" data-element_type=\"section\" data-e-type=\"section\">\r\n\t\t\t\t\t\t<div class=\"elementor-container elementor-column-gap-default jws_section_\" >\r\n\t\t\t\t<div class=\"elementor-column elementor-col-100 elementor-top-column elementor-element elementor-element-44f5bd9d\" data-id=\"44f5bd9d\" data-element_type=\"column\" data-e-type=\"column\">\n\t\t\t<div class=\"elementor-widget-wrap elementor-element-populated\">\n\t\t\t\t\t\t<div class=\"elementor-element elementor-element-e16afd0 elementor-widget elementor-widget-text-editor\" data-id=\"e16afd0\" data-element_type=\"widget\" data-e-type=\"widget\" data-widget_type=\"text-editor.default\">\n\t\t\t\t<div class=\"elementor-widget-container\">\n\t\t\t\t\t\t\t\t\t<div id=\"content\" class=\"site-content\"><div id=\"primary\" class=\"content-area\"><article id=\"post-12781\" class=\"post-12781 page type-page status-publish hentry\"><div class=\"entry-content\"><p><b>1 ANZAHLUNG\/GARANTIE<\/b><\/p><p>Zur Buchungsbest\u00e4tigung ben\u00f6tigen wir:<\/p><p>eine Bank\u00fcberweisung in H\u00f6he der Kosten der ersten \u00dcbernachtung innerhalb von 10 Tagen nach der Buchung;<\/p><p>ODER<\/p><p>\u2013 eine g\u00fcltige Kreditkarte (Prepaid-Karten werden nicht akzeptiert). Die G\u00fcltigkeit wird mittels Vorautorisierung \u00fcberpr\u00fcft, ohne Belastung der Karte. Sollte die Karte ung\u00fcltig sein und keine alternative Karte angegeben werden k\u00f6nnen, wird die Reservierung storniert, es sei denn, der Gast entscheidet sich f\u00fcr eine Best\u00e4tigung per Bank\u00fcberweisung.  <\/p><p><b>2 STORNIERUNG, NO-SHOW UND VORZEITIGE ABREISE<\/b><\/p><p><b>\u26a0\ufe0f ACHTUNG: Diese Bedingungen gelten nicht f\u00fcr die Tarife \u201eBeSafe\u201c und \u201eVorausbezahlt \u2013 nicht erstattungsf\u00e4hig\u201c. F\u00fcr diese gelten eigene Regelungen, die in den jeweiligen Angebots-\/Buchungsseiten ausgewiesen sind. Um Missverst\u00e4ndnisse zu vermeiden, pr\u00fcfen Sie vor der Best\u00e4tigung stets den ausgew\u00e4hlten Tarif und die dazugeh\u00f6rigen Bedingungen. <\/b><\/p><p>Um eine Buchung zu \u00e4ndern oder zu stornieren, gen\u00fcgt es, Ihre Anfrage auf folgende Weise zu \u00fcbermitteln: eine E-Mail, die an garda@parchotels.it gesendet wird, oder ein Fax an +390365954447.<br><\/p><p><em>\u00c8 possibile cancellare la prenotazione fino a 7 giorni prima dell\u2019arrivo senza penali.<\/em><\/p><p>Per cancellazioni da 7 a 0 giorni, sar\u00e0 addebitato il 50% dell\u2019importo della prenotazione.<\/p><p>In caso di mancato arrivo (no-show) sar\u00e0 addebitato l\u2019intero importo della prenotazione.<\/p><p>Per partenze anticipate potranno essere addebitati sino a 3 giorni di vuoto letto per soggiorni superiori alle 3 notti; nel caso di soggiorni sino alle 3 notti verr\u00e0 invece conteggiata una penale del 50% del totale delle notti non usufruite.<\/p><p><b>3 TARIFFA PREPAGATA<\/b><\/p><p>Questa tipologia di tariffa non prevede alcun tipo di rimborso, l\u2019intero importo verr\u00e0 trattenuto nel caso di storno, mancato arrivo o partenza anticipata.<\/p><p><b>4 PAGAMENTO DEL SOGGIORNO PRENOTATO ED EVENTUALI EXTRA<\/b><\/p><p><em>PER I POSSESSORI DI CARTE DI CREDITO (non carte ricaricabili)<\/em><\/p><p>Grazie al servizio sottoscritto con CartaSI denominato \u201cPriority check out service and delayed charge\u201d (\u201cServizio check-out prioritario e addebito differito\u201d), al momento del check-in sar\u00e0 richiesto il consenso ad addebitare sulla carta fornita all\u2019atto della prenotazione l\u2019importo del soggiorno (gi\u00e0 preautorizzato), sia per il titolare sia per gli accompagnatori. La validit\u00e0 della carta di credito verr\u00e0 verificata preautorizzando su di essa l\u2019importo dell\u2019intero soggiorno. Tale operazione verr\u00e0 fatta a 7 giorni dall\u2019arrivo per i clienti con prenotazione o il giorno dell\u2019arrivo per i clienti di passaggio senza prenotazione.  <\/p><p>Nel caso in cui il cliente non volesse aderire al servizio di \u201cPriority check out service and delayed charge\u201d, il conto relativo al soggiorno prenotato dovr\u00e0 essere pagato all\u2019atto del check-in<\/p><p><em>PER I NON POSSESSORI DI CARTE DI CREDITO O POSSESSORI DI CARTE DI CREDITO RICARICABILI<\/em><\/p><p>In alternativa al pagamento in contanti vi \u00e8 la possibilit\u00e0 di saldare il soggiorno con bonifico bancario, che dovr\u00e0 pervenire entro 3 giorni dall\u2019arrivo previsto.<\/p><p>Il pagamento di eventuali extra verr\u00e0 effettuato al check-out con carta di credito oppure in contanti<\/p><p>Sono necessari dalle 72 ore ai 21 giorni dal momento dello storno della preautorizzazione affinch\u00e8 il titolare abbia nuovamente l\u2019importo a disposizione sulla propria carta di credito.<\/p><p>Le tempistiche per lo storno variano a seconda dell\u2019istituto emittente della carta ed anche a seconda se lo storno della preautorizzazione avviene in maniera automatica o manuale. \u00c8 comunque consigliabile che il cliente richieda la chiusura della preautorizzazione oppure lo storno a fine di velocizzarne i tempi di riaccredito sulla propria carta ed evitare fraintendimenti. <\/p><p>Il periodo esatto di sblocco di una preautorizzazione dipende dal fornitore del POS, dal circuito di pagamento cui il POS aderisce e dalla banca che ha emesso la carta e per normativa non pu\u00f2 mai superare i 21 giorni.<\/p><p>Invitiamo i clienti a comunicarci tempestivamente l\u2019eventuale necessit\u00e0 di storno manuale e contestualmente di contattare l\u2019ente emittente della sua carta al fine di conoscere lo stato effettivo della preautorizzazione.<\/p><p><b>5 TASSA DI SOGGIORNO<\/b><\/p><p>La tassa di soggiorno non \u00e8 compresa nella tariffa della camera e dovr\u00e0 essere corrisposta alla partenza, salvo le esenzioni e le riduzioni previste dal regolamento comunale<\/p><p><b>6 DANNI<\/b><\/p><p>Decliniamo ogni responsabilit\u00e0 per qualsiasi danno diretto o indiretto che i clienti possono subire, come smarrimento o furto di oggetti, malattia o incidenti durante l\u2019uso delle attrezzature alberghiere o durante la partecipazione ai programmi di animazione, eventuali scioperi che ritardino l\u2019arrivo o la partenza che non siano da imputare direttamente al personale dell\u2019hotel o che accadano durante il soggiorno del cliente o durante il trasporto da e per l\u2019albergo.<\/p><p><b>7 PREZZI<\/b><\/p><p>I nostri prezzi sono in euro per camera al giorno, e comprendono: servizio, IVA e tutto quanto specificato nella conferma di prenotazione.<\/p><p><b>8 BAMBINI<\/b><\/p><p>Per i bambini, vengono praticati sconti e tariffe ridotte solo nel caso in cui condividano la camera con due adulti paganti il prezzo pieno.<\/p><p><b>9 ANIMALI DOMESTICI<\/b><\/p><p>Il vostro fedele amico \u00e8 il benvenuto: accogliamo solo cani di piccola taglia, massimo uno per camera.<\/p><p><b>10 OVERBOOKING (SOVRAPRENOTAZIONE)<\/b><\/p><p>Nel caso di overbooking ci impegniamo ad avvisare tempestivamente il cliente e a fornire:<\/p><p>a) una sistemazione analoga o superiore a quella per cui \u00e8 stata effettuata la prenotazione;<\/p><p>b) l\u2019eventuale trasporto verso la nuova sistemazione.<\/p><p>c) una telefonata conoscitiva presso la nuova destinazione.<\/p><p><b>11 CAPARRA CONFIRMATORIA<\/b><\/p><p>In caso di cause di forza maggiore e overbooking, che comportino inadempienza ad assolvere alla prenotazione da parte dell\u2019hotel, come previsto dall\u2019art. 1385 del Codice Civile, ci impegniamo a rimborsare sino al doppio dell\u2019importo versato a titolo di caparra confirmatoria. Null\u2019altro potr\u00e0 essere richiesto da parte del cliente a titolo di risarcimento.  <\/p><p><b>12 RECLAMI<\/b><\/p><p>Eventuali criticit\u00e0 dovranno essere prontamente segnalate all\u2019albergo mediante compilazione dell\u2019apposito modulo disponibile presso tutti i ricevimenti, al fine di consentire alla Direzione di intervenire con tempestivit\u00e0.<\/p><p>Qualora ci\u00f2, in relazione alle circostanze, non risultasse possibile, il servizio clienti avr\u00e0 cura di riscontrare, via email, la segnalazione pervenuta entro il termine di 30 giorni comunicandone il relativo esito.<\/p><p>L\u2019eventuale rimborso, proporzionato al pregiudizio che risulter\u00e0 accertato, potr\u00e0 essere erogato sotto forma di voucher da utilizzare per future prenotazioni presso tutte le strutture Parc Hotels Italia.<\/p><p><b>13 ALTRI TERMINI E CONDIZIONI<\/b><\/p><p>Per tutti i termini e condizioni non espressamente elencati nella presente policy, quali, a titolo d\u2019esempio, orari di check-in e check-out, particolari trattamenti ecc., fa fede quanto riportato nella conferma di prenotazione, che rappresenta l\u2019unico documento indispensabile al fine della fruizione di tutti i servizi prenotati.<\/p><p><b>14 PARCHEGGIO<\/b><\/p><p>Non \u00e8 possibile accedere direttamente alla struttura in auto, perch\u00e9 si trova in zona a traffico limitato. Negli immediati dintorni, a circa 150 metri da Residenza Di Pi\u00f9, si trova il Parcheggio CIVICO AL CENTRO | APCOA (Via Brunati, 31), a pagamento. <\/p><\/div><\/article><\/div><\/div><footer id=\"colophon\" class=\"site-footer\"><div class=\"jws_footer\"><div class=\"elementor elementor-1168\" data-elementor-type=\"wp-post\" data-elementor-id=\"1168\" data-elementor-post-type=\"hf_template\"><section class=\"elementor-section elementor-top-section elementor-element elementor-element-7763868 elementor-section-boxed elementor-section-height-default elementor-section-height-default\" data-id=\"7763868\" data-element_type=\"section\"><div class=\"elementor-container elementor-column-gap-no jws_section_\"><div class=\"elementor-column elementor-col-100 elementor-top-column elementor-element elementor-element-a409b36\" data-id=\"a409b36\" data-element_type=\"column\"><div class=\"elementor-widget-wrap elementor-element-populated\"><div class=\"elementor-element elementor-element-167513e elementor-widget elementor-widget-jws_logo\" data-id=\"167513e\" data-element_type=\"widget\" data-widget_type=\"jws_logo.default\"><div class=\"elementor-widget-container\"> <\/div><\/div><\/div><\/div><\/div><\/section><\/div><\/div><\/footer>\t\t\t\t\t\t\t\t<\/div>\n\t\t\t\t<\/div>\n\t\t\t\t\t<\/div>\n\t\t<\/div>\n\t\t\t\t      \r\n            \r\n              \r\n            \r\n            \t\r\n\t\t\t<\/div>\r\n\t\t<\/section>\r\n\t\t\t\t<\/div>\n\t\t","protected":false},"excerpt":{"rendered":"<p>1 ANZAHLUNG\/GARANTIE Zur Buchungsbest\u00e4tigung ben\u00f6tigen wir: eine Bank\u00fcberweisung in H\u00f6he der Kosten der ersten \u00dcbernachtung innerhalb von 10 Tagen nach der Buchung; ODER \u2013 eine g\u00fcltige Kreditkarte (Prepaid-Karten werden nicht akzeptiert). Die G\u00fcltigkeit wird mittels Vorautorisierung \u00fcberpr\u00fcft, ohne Belastung der Karte. Sollte die Karte ung\u00fcltig sein und keine alternative Karte angegeben werden k\u00f6nnen, wird die [&hellip;]<\/p>\n","protected":false},"author":4,"featured_media":0,"parent":0,"menu_order":0,"comment_status":"closed","ping_status":"closed","template":"","meta":{"_acf_changed":false,"footnotes":""},"class_list":["post-12799","page","type-page","status-publish","hentry"],"acf":[],"yoast_head":"<!-- This site is optimized with the Yoast SEO plugin v27.5 - https:\/\/yoast.com\/product\/yoast-seo-wordpress\/ -->\n<title>BUCHUNGSBEDINGUNGEN - Residenza e Caff\u00e8 Di Pi\u00f9 a Sal\u00f2<\/title>\n<meta name=\"robots\" content=\"noindex, nofollow\" \/>\n<meta property=\"og:locale\" content=\"de_DE\" \/>\n<meta property=\"og:type\" content=\"article\" \/>\n<meta property=\"og:title\" content=\"BUCHUNGSBEDINGUNGEN - Residenza e Caff\u00e8 Di Pi\u00f9 a Sal\u00f2\" \/>\n<meta property=\"og:description\" content=\"1 ANZAHLUNG\/GARANTIE Zur Buchungsbest\u00e4tigung ben\u00f6tigen wir: eine Bank\u00fcberweisung in H\u00f6he der Kosten der ersten \u00dcbernachtung innerhalb von 10 Tagen nach der Buchung; ODER \u2013 eine g\u00fcltige Kreditkarte (Prepaid-Karten werden nicht akzeptiert). Die G\u00fcltigkeit wird mittels Vorautorisierung \u00fcberpr\u00fcft, ohne Belastung der Karte. Sollte die Karte ung\u00fcltig sein und keine alternative Karte angegeben werden k\u00f6nnen, wird die [&hellip;]\" \/>\n<meta property=\"og:url\" content=\"https:\/\/dipiusalo.it\/de\/buchungsbedingungen\/\" \/>\n<meta property=\"og:site_name\" content=\"Residenza e Caff\u00e8 Di Pi\u00f9 a Sal\u00f2\" \/>\n<meta property=\"article:modified_time\" content=\"2025-12-02T13:02:08+00:00\" \/>\n<meta name=\"twitter:card\" content=\"summary_large_image\" \/>\n<meta name=\"twitter:label1\" content=\"Gesch\u00e4tzte Lesezeit\" \/>\n\t<meta name=\"twitter:data1\" content=\"4\u00a0Minuten\" \/>\n<script type=\"application\/ld+json\" class=\"yoast-schema-graph\">{\"@context\":\"https:\\\/\\\/schema.org\",\"@graph\":[{\"@type\":\"WebPage\",\"@id\":\"https:\\\/\\\/dipiusalo.it\\\/de\\\/buchungsbedingungen\\\/\",\"url\":\"https:\\\/\\\/dipiusalo.it\\\/de\\\/buchungsbedingungen\\\/\",\"name\":\"BUCHUNGSBEDINGUNGEN - Residenza e Caff\u00e8 Di Pi\u00f9 a Sal\u00f2\",\"isPartOf\":{\"@id\":\"https:\\\/\\\/dipiusalo.it\\\/de\\\/#website\"},\"datePublished\":\"2025-04-26T05:33:58+00:00\",\"dateModified\":\"2025-12-02T13:02:08+00:00\",\"breadcrumb\":{\"@id\":\"https:\\\/\\\/dipiusalo.it\\\/de\\\/buchungsbedingungen\\\/#breadcrumb\"},\"inLanguage\":\"de\",\"potentialAction\":[{\"@type\":\"ReadAction\",\"target\":[\"https:\\\/\\\/dipiusalo.it\\\/de\\\/buchungsbedingungen\\\/\"]}]},{\"@type\":\"BreadcrumbList\",\"@id\":\"https:\\\/\\\/dipiusalo.it\\\/de\\\/buchungsbedingungen\\\/#breadcrumb\",\"itemListElement\":[{\"@type\":\"ListItem\",\"position\":1,\"name\":\"Home\",\"item\":\"https:\\\/\\\/dipiusalo.it\\\/de\\\/\"},{\"@type\":\"ListItem\",\"position\":2,\"name\":\"BUCHUNGSBEDINGUNGEN\"}]},{\"@type\":\"WebSite\",\"@id\":\"https:\\\/\\\/dipiusalo.it\\\/de\\\/#website\",\"url\":\"https:\\\/\\\/dipiusalo.it\\\/de\\\/\",\"name\":\"Residenza e Caff\u00e8 Di Pi\u00f9 a Sal\u00f2\",\"description\":\"Residenza Di Pi\u00f9 e Caff\u00e8 Di Pi\u00f9: la prima forma di ospitalit\u00e0 inclusiva del lago di Garda\",\"potentialAction\":[{\"@type\":\"SearchAction\",\"target\":{\"@type\":\"EntryPoint\",\"urlTemplate\":\"https:\\\/\\\/dipiusalo.it\\\/de\\\/?s={search_term_string}\"},\"query-input\":{\"@type\":\"PropertyValueSpecification\",\"valueRequired\":true,\"valueName\":\"search_term_string\"}}],\"inLanguage\":\"de\"}]}<\/script>\n<!-- \/ Yoast SEO plugin. -->","yoast_head_json":{"title":"BUCHUNGSBEDINGUNGEN - Residenza e Caff\u00e8 Di Pi\u00f9 a Sal\u00f2","robots":{"index":"noindex","follow":"nofollow"},"og_locale":"de_DE","og_type":"article","og_title":"BUCHUNGSBEDINGUNGEN - Residenza e Caff\u00e8 Di Pi\u00f9 a Sal\u00f2","og_description":"1 ANZAHLUNG\/GARANTIE Zur Buchungsbest\u00e4tigung ben\u00f6tigen wir: eine Bank\u00fcberweisung in H\u00f6he der Kosten der ersten \u00dcbernachtung innerhalb von 10 Tagen nach der Buchung; ODER \u2013 eine g\u00fcltige Kreditkarte (Prepaid-Karten werden nicht akzeptiert). Die G\u00fcltigkeit wird mittels Vorautorisierung \u00fcberpr\u00fcft, ohne Belastung der Karte. Sollte die Karte ung\u00fcltig sein und keine alternative Karte angegeben werden k\u00f6nnen, wird die [&hellip;]","og_url":"https:\/\/dipiusalo.it\/de\/buchungsbedingungen\/","og_site_name":"Residenza e Caff\u00e8 Di Pi\u00f9 a Sal\u00f2","article_modified_time":"2025-12-02T13:02:08+00:00","twitter_card":"summary_large_image","twitter_misc":{"Gesch\u00e4tzte Lesezeit":"4\u00a0Minuten"},"schema":{"@context":"https:\/\/schema.org","@graph":[{"@type":"WebPage","@id":"https:\/\/dipiusalo.it\/de\/buchungsbedingungen\/","url":"https:\/\/dipiusalo.it\/de\/buchungsbedingungen\/","name":"BUCHUNGSBEDINGUNGEN - Residenza e Caff\u00e8 Di Pi\u00f9 a Sal\u00f2","isPartOf":{"@id":"https:\/\/dipiusalo.it\/de\/#website"},"datePublished":"2025-04-26T05:33:58+00:00","dateModified":"2025-12-02T13:02:08+00:00","breadcrumb":{"@id":"https:\/\/dipiusalo.it\/de\/buchungsbedingungen\/#breadcrumb"},"inLanguage":"de","potentialAction":[{"@type":"ReadAction","target":["https:\/\/dipiusalo.it\/de\/buchungsbedingungen\/"]}]},{"@type":"BreadcrumbList","@id":"https:\/\/dipiusalo.it\/de\/buchungsbedingungen\/#breadcrumb","itemListElement":[{"@type":"ListItem","position":1,"name":"Home","item":"https:\/\/dipiusalo.it\/de\/"},{"@type":"ListItem","position":2,"name":"BUCHUNGSBEDINGUNGEN"}]},{"@type":"WebSite","@id":"https:\/\/dipiusalo.it\/de\/#website","url":"https:\/\/dipiusalo.it\/de\/","name":"Residenza e Caff\u00e8 Di Pi\u00f9 a Sal\u00f2","description":"Residenza Di Pi\u00f9 e Caff\u00e8 Di Pi\u00f9: la prima forma di ospitalit\u00e0 inclusiva del lago di Garda","potentialAction":[{"@type":"SearchAction","target":{"@type":"EntryPoint","urlTemplate":"https:\/\/dipiusalo.it\/de\/?s={search_term_string}"},"query-input":{"@type":"PropertyValueSpecification","valueRequired":true,"valueName":"search_term_string"}}],"inLanguage":"de"}]}},"_links":{"self":[{"href":"https:\/\/dipiusalo.it\/de\/wp-json\/wp\/v2\/pages\/12799","targetHints":{"allow":["GET"]}}],"collection":[{"href":"https:\/\/dipiusalo.it\/de\/wp-json\/wp\/v2\/pages"}],"about":[{"href":"https:\/\/dipiusalo.it\/de\/wp-json\/wp\/v2\/types\/page"}],"author":[{"embeddable":true,"href":"https:\/\/dipiusalo.it\/de\/wp-json\/wp\/v2\/users\/4"}],"replies":[{"embeddable":true,"href":"https:\/\/dipiusalo.it\/de\/wp-json\/wp\/v2\/comments?post=12799"}],"version-history":[{"count":7,"href":"https:\/\/dipiusalo.it\/de\/wp-json\/wp\/v2\/pages\/12799\/revisions"}],"predecessor-version":[{"id":13265,"href":"https:\/\/dipiusalo.it\/de\/wp-json\/wp\/v2\/pages\/12799\/revisions\/13265"}],"wp:attachment":[{"href":"https:\/\/dipiusalo.it\/de\/wp-json\/wp\/v2\/media?parent=12799"}],"curies":[{"name":"wp","href":"https:\/\/api.w.org\/{rel}","templated":true}]}}