{"id":12344,"date":"2023-07-21T02:22:52","date_gmt":"2023-07-21T00:22:52","guid":{"rendered":"https:\/\/dipiusalo.it\/kontaktieren-sie-uns\/"},"modified":"2025-10-08T15:20:44","modified_gmt":"2025-10-08T13:20:44","slug":"kontaktieren-sie-uns","status":"publish","type":"page","link":"https:\/\/dipiusalo.it\/de\/kontaktieren-sie-uns\/","title":{"rendered":"Kontaktieren Sie uns"},"content":{"rendered":"\t\t<div data-elementor-type=\"wp-page\" data-elementor-id=\"12344\" class=\"elementor elementor-12344 elementor-6473\" data-elementor-post-type=\"page\">\n\t\t\t\t\t\t<section class=\"elementor-section elementor-top-section elementor-element elementor-element-382f9d0 elementor-section-full_width elementor-section-height-min-height elementor-section-height-default elementor-section-items-middle\" data-id=\"382f9d0\" data-element_type=\"section\" data-e-type=\"section\" data-settings=\"{&quot;background_background&quot;:&quot;classic&quot;}\">\r\n\t\t\t\t\t\t\t<div class=\"elementor-background-overlay\"><\/div>\r\n\t\t\t\t\t\t<div class=\"elementor-container elementor-column-gap-default jws_section_\" >\r\n\t\t\t\t<div class=\"elementor-column elementor-col-100 elementor-top-column elementor-element elementor-element-c705a82\" data-id=\"c705a82\" data-element_type=\"column\" data-e-type=\"column\">\n\t\t\t<div class=\"elementor-widget-wrap\">\n\t\t\t\t\t\t\t<\/div>\n\t\t<\/div>\n\t\t\t\t      \r\n            \r\n              \r\n            \r\n            \t\r\n\t\t\t<\/div>\r\n\t\t<\/section>\r\n\t\t\t\t<section class=\"elementor-section elementor-top-section elementor-element elementor-element-7da2050 elementor-section-content-middle elementor-section-boxed elementor-section-height-default elementor-section-height-default\" data-id=\"7da2050\" data-element_type=\"section\" data-e-type=\"section\">\r\n\t\t\t\t\t\t<div class=\"elementor-container elementor-column-gap-default jws_section_\" >\r\n\t\t\t\t<div class=\"elementor-column elementor-col-50 elementor-top-column elementor-element elementor-element-1b7c305\" data-id=\"1b7c305\" data-element_type=\"column\" data-e-type=\"column\">\n\t\t\t<div class=\"elementor-widget-wrap elementor-element-populated\">\n\t\t\t\t\t\t<div class=\"elementor-element elementor-element-eba0bea elementor-invisible elementor-widget elementor-widget-heading\" data-id=\"eba0bea\" data-element_type=\"widget\" data-e-type=\"widget\" data-settings=\"{&quot;_animation&quot;:&quot;fadeInUp&quot;}\" data-widget_type=\"heading.default\">\n\t\t\t\t<div class=\"elementor-widget-container\">\n\t\t\t\t\t<div class=\"elementor-heading-title elementor-size-default\">BUCHEN SIE JETZT IHR ZIMMER<\/div>\t\t\t\t<\/div>\n\t\t\t\t<\/div>\n\t\t\t\t<div class=\"elementor-element elementor-element-3fbf488 elementor-invisible elementor-widget elementor-widget-heading\" data-id=\"3fbf488\" data-element_type=\"widget\" data-e-type=\"widget\" data-settings=\"{&quot;_animation&quot;:&quot;fadeInUp&quot;}\" data-widget_type=\"heading.default\">\n\t\t\t\t<div class=\"elementor-widget-container\">\n\t\t\t\t\t<h2 class=\"elementor-heading-title elementor-size-default\">Kontaktieren Sie uns<\/h2>\t\t\t\t<\/div>\n\t\t\t\t<\/div>\n\t\t\t\t<div class=\"elementor-element elementor-element-c41b5aa elementor-widget__width-initial elementor-invisible elementor-widget elementor-widget-text-editor\" data-id=\"c41b5aa\" data-element_type=\"widget\" data-e-type=\"widget\" data-settings=\"{&quot;_animation&quot;:&quot;fadeInUp&quot;}\" data-widget_type=\"text-editor.default\">\n\t\t\t\t<div class=\"elementor-widget-container\">\n\t\t\t\t\t\t\t\t\t<p>Rufen Sie uns an oder schreiben Sie uns, um Ihre Unterkunft nur einen Schritt vom Gardasee entfernt, im Herzen von Sal\u00f2, zu reservieren. Wir werden uns so schnell wie m\u00f6glich mit dem besten Angebot f\u00fcr Ihre Bed\u00fcrfnisse bei Ihnen melden.<\/p>\t\t\t\t\t\t\t\t<\/div>\n\t\t\t\t<\/div>\n\t\t\t\t<div class=\"elementor-element elementor-element-5b66217 elementor-widget elementor-widget-heading\" data-id=\"5b66217\" data-element_type=\"widget\" data-e-type=\"widget\" data-widget_type=\"heading.default\">\n\t\t\t\t<div class=\"elementor-widget-container\">\n\t\t\t\t\t<h5 class=\"elementor-heading-title elementor-size-default\">Buchen Sie ein Zimmer<\/h5>\t\t\t\t<\/div>\n\t\t\t\t<\/div>\n\t\t\t\t<div class=\"elementor-element elementor-element-44846be elementor-invisible elementor-widget elementor-widget-heading\" data-id=\"44846be\" data-element_type=\"widget\" data-e-type=\"widget\" data-settings=\"{&quot;_animation&quot;:&quot;fadeInUp&quot;}\" data-widget_type=\"heading.default\">\n\t\t\t\t<div class=\"elementor-widget-container\">\n\t\t\t\t\t<h4 class=\"elementor-heading-title elementor-size-default\"><a href=\"tel:+39%20036%205913540\">\ud83d\udcde+39 036 5913540  <\/a><\/h4>\t\t\t\t<\/div>\n\t\t\t\t<\/div>\n\t\t\t\t<div class=\"elementor-element elementor-element-eefeda1 elementor-invisible elementor-widget elementor-widget-heading\" data-id=\"eefeda1\" data-element_type=\"widget\" data-e-type=\"widget\" data-settings=\"{&quot;_animation&quot;:&quot;fadeInUp&quot;}\" data-widget_type=\"heading.default\">\n\t\t\t\t<div class=\"elementor-widget-container\">\n\t\t\t\t\t<h3 class=\"elementor-heading-title elementor-size-default\"><a href=\"mailto:reservations@mikalto.com\"><img decoding=\"async\" role=\"img\" class=\"emoji\" alt=\"\u2709\ufe0f\" src=\"https:\/\/s.w.org\/images\/core\/emoji\/15.0.3\/svg\/2709.svg\" data-cmp-ab=\"2\" data-cmp-info=\"10\">  garda@parchotels.it<\/a><\/h3>\t\t\t\t<\/div>\n\t\t\t\t<\/div>\n\t\t\t\t<div class=\"elementor-element elementor-element-25a6422 elementor-widget-divider--view-line elementor-widget elementor-widget-divider\" data-id=\"25a6422\" data-element_type=\"widget\" data-e-type=\"widget\" data-widget_type=\"divider.default\">\n\t\t\t\t<div class=\"elementor-widget-container\">\n\t\t\t\t\t\t\t<div class=\"elementor-divider\">\n\t\t\t<span class=\"elementor-divider-separator\">\n\t\t\t\t\t\t<\/span>\n\t\t<\/div>\n\t\t\t\t\t\t<\/div>\n\t\t\t\t<\/div>\n\t\t\t\t<div class=\"elementor-element elementor-element-d37783d elementor-widget elementor-widget-heading\" data-id=\"d37783d\" data-element_type=\"widget\" data-e-type=\"widget\" data-widget_type=\"heading.default\">\n\t\t\t\t<div class=\"elementor-widget-container\">\n\t\t\t\t\t<h5 class=\"elementor-heading-title elementor-size-default\">Caf\u00e9 Di Pi\u00f9 anrufen<\/h5>\t\t\t\t<\/div>\n\t\t\t\t<\/div>\n\t\t\t\t<div class=\"elementor-element elementor-element-ca6c04e elementor-invisible elementor-widget elementor-widget-heading\" data-id=\"ca6c04e\" data-element_type=\"widget\" data-e-type=\"widget\" data-settings=\"{&quot;_animation&quot;:&quot;fadeInUp&quot;}\" data-widget_type=\"heading.default\">\n\t\t\t\t<div class=\"elementor-widget-container\">\n\t\t\t\t\t<h4 class=\"elementor-heading-title elementor-size-default\"><a href=\"tel:+39%200365%20519290\">\ud83d\udcde+39 0365 519290<\/a><\/h4>\t\t\t\t<\/div>\n\t\t\t\t<\/div>\n\t\t\t\t<div class=\"elementor-element elementor-element-8eedc62 elementor-widget-divider--view-line elementor-widget elementor-widget-divider\" data-id=\"8eedc62\" data-element_type=\"widget\" data-e-type=\"widget\" data-widget_type=\"divider.default\">\n\t\t\t\t<div class=\"elementor-widget-container\">\n\t\t\t\t\t\t\t<div class=\"elementor-divider\">\n\t\t\t<span class=\"elementor-divider-separator\">\n\t\t\t\t\t\t<\/span>\n\t\t<\/div>\n\t\t\t\t\t\t<\/div>\n\t\t\t\t<\/div>\n\t\t\t\t<div class=\"elementor-element elementor-element-96bd087 elementor-widget elementor-widget-heading\" data-id=\"96bd087\" data-element_type=\"widget\" data-e-type=\"widget\" data-widget_type=\"heading.default\">\n\t\t\t\t<div class=\"elementor-widget-container\">\n\t\t\t\t\t<h5 class=\"elementor-heading-title elementor-size-default\">So finden Sie uns<\/h5>\t\t\t\t<\/div>\n\t\t\t\t<\/div>\n\t\t\t\t<div class=\"elementor-element elementor-element-16d3f75 elementor-widget elementor-widget-heading\" data-id=\"16d3f75\" data-element_type=\"widget\" data-e-type=\"widget\" data-widget_type=\"heading.default\">\n\t\t\t\t<div class=\"elementor-widget-container\">\n\t\t\t\t\t<h4 class=\"elementor-heading-title elementor-size-default\">\ud83d\udccd Piazza Angelo Zanelli, 7, 25087 Sal\u00f2 BS<\/h4>\t\t\t\t<\/div>\n\t\t\t\t<\/div>\n\t\t\t\t\t<\/div>\n\t\t<\/div>\n\t\t\t\t<div class=\"elementor-column elementor-col-50 elementor-top-column elementor-element elementor-element-9f8a01a\" data-id=\"9f8a01a\" data-element_type=\"column\" data-e-type=\"column\">\n\t\t\t<div class=\"elementor-widget-wrap elementor-element-populated\">\n\t\t\t\t\t\t<div class=\"elementor-element elementor-element-372f32e elementor-widget__width-inherit elementor-widget elementor-widget-google_maps\" data-id=\"372f32e\" data-element_type=\"widget\" data-e-type=\"widget\" data-widget_type=\"google_maps.default\">\n\t\t\t\t<div class=\"elementor-widget-container\">\n\t\t\t\t\t\t\t<div class=\"elementor-custom-embed\">\n\t\t\t<iframe loading=\"lazy\"\n\t\t\t\t\tsrc=\"https:\/\/maps.google.com\/maps?q=caff%C3%A8%20dipi%C3%B9&#038;t=m&#038;z=10&#038;output=embed&#038;iwloc=near\"\n\t\t\t\t\ttitle=\"caff\u00e8 dipi\u00f9\"\n\t\t\t\t\taria-label=\"caff\u00e8 dipi\u00f9\"\n\t\t\t><\/iframe>\n\t\t<\/div>\n\t\t\t\t\t\t<\/div>\n\t\t\t\t<\/div>\n\t\t\t\t\t<\/div>\n\t\t<\/div>\n\t\t\t\t      \r\n            \r\n              \r\n            \r\n            \t\r\n\t\t\t<\/div>\r\n\t\t<\/section>\r\n\t\t\t\t<\/div>\n\t\t","protected":false},"excerpt":{"rendered":"<p>BUCHEN SIE JETZT IHR ZIMMER Kontaktieren Sie uns Rufen Sie uns an oder schreiben Sie uns, um Ihre Unterkunft nur einen Schritt vom Gardasee entfernt, im Herzen von Sal\u00f2, zu reservieren. Wir werden uns so schnell wie m\u00f6glich mit dem besten Angebot f\u00fcr Ihre Bed\u00fcrfnisse bei Ihnen melden. Buchen Sie ein Zimmer \ud83d\udcde+39 036 5913540 [&hellip;]<\/p>\n","protected":false},"author":1,"featured_media":0,"parent":0,"menu_order":0,"comment_status":"closed","ping_status":"closed","template":"","meta":{"_acf_changed":false,"footnotes":""},"class_list":["post-12344","page","type-page","status-publish","hentry"],"acf":[],"yoast_head":"<!-- This site is optimized with the Yoast SEO plugin v27.5 - https:\/\/yoast.com\/product\/yoast-seo-wordpress\/ -->\n<title>Kontakt - Residenza e Caff\u00e8 Di Pi\u00f9 a Sal\u00f2 - Gardasee Wohnungen und Bars<\/title>\n<meta name=\"description\" content=\"Kontaktieren Sie Residenza Di Pi\u00f9: Buchen Sie jetzt Ihren Aufenthalt oder fragen Sie nach Informationen. Wir stehen Ihnen f\u00fcr alle Ihre Bed\u00fcrfnisse zur Verf\u00fcgung.\" \/>\n<meta name=\"robots\" content=\"index, follow, max-snippet:-1, max-image-preview:large, max-video-preview:-1\" \/>\n<link rel=\"canonical\" href=\"https:\/\/dipiusalo.it\/de\/kontaktieren-sie-uns\/\" \/>\n<meta property=\"og:locale\" content=\"de_DE\" \/>\n<meta property=\"og:type\" content=\"article\" \/>\n<meta property=\"og:title\" content=\"Kontakt - Residenza e Caff\u00e8 Di Pi\u00f9 a Sal\u00f2 - Gardasee Wohnungen und Bars\" \/>\n<meta property=\"og:description\" content=\"Kontaktieren Sie Residenza Di Pi\u00f9: Buchen Sie jetzt Ihren Aufenthalt oder fragen Sie nach Informationen. Wir stehen Ihnen f\u00fcr alle Ihre Bed\u00fcrfnisse zur Verf\u00fcgung.\" \/>\n<meta property=\"og:url\" content=\"https:\/\/dipiusalo.it\/de\/kontaktieren-sie-uns\/\" \/>\n<meta property=\"og:site_name\" content=\"Residenza e Caff\u00e8 Di Pi\u00f9 a Sal\u00f2\" \/>\n<meta property=\"article:modified_time\" content=\"2025-10-08T13:20:44+00:00\" \/>\n<meta property=\"og:image\" content=\"https:\/\/s.w.org\/images\/core\/emoji\/15.0.3\/svg\/2709.svg\" \/>\n<meta name=\"twitter:card\" content=\"summary_large_image\" \/>\n<meta name=\"twitter:label1\" content=\"Gesch\u00e4tzte Lesezeit\" \/>\n\t<meta name=\"twitter:data1\" content=\"1\u00a0Minute\" \/>\n<script type=\"application\/ld+json\" class=\"yoast-schema-graph\">{\"@context\":\"https:\\\/\\\/schema.org\",\"@graph\":[{\"@type\":\"WebPage\",\"@id\":\"https:\\\/\\\/dipiusalo.it\\\/de\\\/kontaktieren-sie-uns\\\/\",\"url\":\"https:\\\/\\\/dipiusalo.it\\\/de\\\/kontaktieren-sie-uns\\\/\",\"name\":\"Kontakt - Residenza e Caff\u00e8 Di Pi\u00f9 a Sal\u00f2 - Gardasee Wohnungen und Bars\",\"isPartOf\":{\"@id\":\"https:\\\/\\\/dipiusalo.it\\\/de\\\/#website\"},\"primaryImageOfPage\":{\"@id\":\"https:\\\/\\\/dipiusalo.it\\\/de\\\/kontaktieren-sie-uns\\\/#primaryimage\"},\"image\":{\"@id\":\"https:\\\/\\\/dipiusalo.it\\\/de\\\/kontaktieren-sie-uns\\\/#primaryimage\"},\"thumbnailUrl\":\"https:\\\/\\\/s.w.org\\\/images\\\/core\\\/emoji\\\/15.0.3\\\/svg\\\/2709.svg\",\"datePublished\":\"2023-07-21T00:22:52+00:00\",\"dateModified\":\"2025-10-08T13:20:44+00:00\",\"description\":\"Kontaktieren Sie Residenza Di Pi\u00f9: Buchen Sie jetzt Ihren Aufenthalt oder fragen Sie nach Informationen. Wir stehen Ihnen f\u00fcr alle Ihre Bed\u00fcrfnisse zur Verf\u00fcgung.\",\"breadcrumb\":{\"@id\":\"https:\\\/\\\/dipiusalo.it\\\/de\\\/kontaktieren-sie-uns\\\/#breadcrumb\"},\"inLanguage\":\"de\",\"potentialAction\":[{\"@type\":\"ReadAction\",\"target\":[\"https:\\\/\\\/dipiusalo.it\\\/de\\\/kontaktieren-sie-uns\\\/\"]}]},{\"@type\":\"ImageObject\",\"inLanguage\":\"de\",\"@id\":\"https:\\\/\\\/dipiusalo.it\\\/de\\\/kontaktieren-sie-uns\\\/#primaryimage\",\"url\":\"https:\\\/\\\/s.w.org\\\/images\\\/core\\\/emoji\\\/15.0.3\\\/svg\\\/2709.svg\",\"contentUrl\":\"https:\\\/\\\/s.w.org\\\/images\\\/core\\\/emoji\\\/15.0.3\\\/svg\\\/2709.svg\"},{\"@type\":\"BreadcrumbList\",\"@id\":\"https:\\\/\\\/dipiusalo.it\\\/de\\\/kontaktieren-sie-uns\\\/#breadcrumb\",\"itemListElement\":[{\"@type\":\"ListItem\",\"position\":1,\"name\":\"Home\",\"item\":\"https:\\\/\\\/dipiusalo.it\\\/de\\\/\"},{\"@type\":\"ListItem\",\"position\":2,\"name\":\"Kontaktieren Sie uns\"}]},{\"@type\":\"WebSite\",\"@id\":\"https:\\\/\\\/dipiusalo.it\\\/de\\\/#website\",\"url\":\"https:\\\/\\\/dipiusalo.it\\\/de\\\/\",\"name\":\"Residenza e Caff\u00e8 Di Pi\u00f9 a Sal\u00f2\",\"description\":\"Residenza Di Pi\u00f9 e Caff\u00e8 Di Pi\u00f9: la prima forma di ospitalit\u00e0 inclusiva del lago di Garda\",\"potentialAction\":[{\"@type\":\"SearchAction\",\"target\":{\"@type\":\"EntryPoint\",\"urlTemplate\":\"https:\\\/\\\/dipiusalo.it\\\/de\\\/?s={search_term_string}\"},\"query-input\":{\"@type\":\"PropertyValueSpecification\",\"valueRequired\":true,\"valueName\":\"search_term_string\"}}],\"inLanguage\":\"de\"}]}<\/script>\n<!-- \/ Yoast SEO plugin. -->","yoast_head_json":{"title":"Kontakt - Residenza e Caff\u00e8 Di Pi\u00f9 a Sal\u00f2 - Gardasee Wohnungen und Bars","description":"Kontaktieren Sie Residenza Di Pi\u00f9: Buchen Sie jetzt Ihren Aufenthalt oder fragen Sie nach Informationen. Wir stehen Ihnen f\u00fcr alle Ihre Bed\u00fcrfnisse zur Verf\u00fcgung.","robots":{"index":"index","follow":"follow","max-snippet":"max-snippet:-1","max-image-preview":"max-image-preview:large","max-video-preview":"max-video-preview:-1"},"canonical":"https:\/\/dipiusalo.it\/de\/kontaktieren-sie-uns\/","og_locale":"de_DE","og_type":"article","og_title":"Kontakt - Residenza e Caff\u00e8 Di Pi\u00f9 a Sal\u00f2 - Gardasee Wohnungen und Bars","og_description":"Kontaktieren Sie Residenza Di Pi\u00f9: Buchen Sie jetzt Ihren Aufenthalt oder fragen Sie nach Informationen. Wir stehen Ihnen f\u00fcr alle Ihre Bed\u00fcrfnisse zur Verf\u00fcgung.","og_url":"https:\/\/dipiusalo.it\/de\/kontaktieren-sie-uns\/","og_site_name":"Residenza e Caff\u00e8 Di Pi\u00f9 a Sal\u00f2","article_modified_time":"2025-10-08T13:20:44+00:00","og_image":[{"url":"https:\/\/s.w.org\/images\/core\/emoji\/15.0.3\/svg\/2709.svg","type":"","width":"","height":""}],"twitter_card":"summary_large_image","twitter_misc":{"Gesch\u00e4tzte Lesezeit":"1\u00a0Minute"},"schema":{"@context":"https:\/\/schema.org","@graph":[{"@type":"WebPage","@id":"https:\/\/dipiusalo.it\/de\/kontaktieren-sie-uns\/","url":"https:\/\/dipiusalo.it\/de\/kontaktieren-sie-uns\/","name":"Kontakt - Residenza e Caff\u00e8 Di Pi\u00f9 a Sal\u00f2 - Gardasee Wohnungen und Bars","isPartOf":{"@id":"https:\/\/dipiusalo.it\/de\/#website"},"primaryImageOfPage":{"@id":"https:\/\/dipiusalo.it\/de\/kontaktieren-sie-uns\/#primaryimage"},"image":{"@id":"https:\/\/dipiusalo.it\/de\/kontaktieren-sie-uns\/#primaryimage"},"thumbnailUrl":"https:\/\/s.w.org\/images\/core\/emoji\/15.0.3\/svg\/2709.svg","datePublished":"2023-07-21T00:22:52+00:00","dateModified":"2025-10-08T13:20:44+00:00","description":"Kontaktieren Sie Residenza Di Pi\u00f9: Buchen Sie jetzt Ihren Aufenthalt oder fragen Sie nach Informationen. Wir stehen Ihnen f\u00fcr alle Ihre Bed\u00fcrfnisse zur Verf\u00fcgung.","breadcrumb":{"@id":"https:\/\/dipiusalo.it\/de\/kontaktieren-sie-uns\/#breadcrumb"},"inLanguage":"de","potentialAction":[{"@type":"ReadAction","target":["https:\/\/dipiusalo.it\/de\/kontaktieren-sie-uns\/"]}]},{"@type":"ImageObject","inLanguage":"de","@id":"https:\/\/dipiusalo.it\/de\/kontaktieren-sie-uns\/#primaryimage","url":"https:\/\/s.w.org\/images\/core\/emoji\/15.0.3\/svg\/2709.svg","contentUrl":"https:\/\/s.w.org\/images\/core\/emoji\/15.0.3\/svg\/2709.svg"},{"@type":"BreadcrumbList","@id":"https:\/\/dipiusalo.it\/de\/kontaktieren-sie-uns\/#breadcrumb","itemListElement":[{"@type":"ListItem","position":1,"name":"Home","item":"https:\/\/dipiusalo.it\/de\/"},{"@type":"ListItem","position":2,"name":"Kontaktieren Sie uns"}]},{"@type":"WebSite","@id":"https:\/\/dipiusalo.it\/de\/#website","url":"https:\/\/dipiusalo.it\/de\/","name":"Residenza e Caff\u00e8 Di Pi\u00f9 a Sal\u00f2","description":"Residenza Di Pi\u00f9 e Caff\u00e8 Di Pi\u00f9: la prima forma di ospitalit\u00e0 inclusiva del lago di Garda","potentialAction":[{"@type":"SearchAction","target":{"@type":"EntryPoint","urlTemplate":"https:\/\/dipiusalo.it\/de\/?s={search_term_string}"},"query-input":{"@type":"PropertyValueSpecification","valueRequired":true,"valueName":"search_term_string"}}],"inLanguage":"de"}]}},"_links":{"self":[{"href":"https:\/\/dipiusalo.it\/de\/wp-json\/wp\/v2\/pages\/12344","targetHints":{"allow":["GET"]}}],"collection":[{"href":"https:\/\/dipiusalo.it\/de\/wp-json\/wp\/v2\/pages"}],"about":[{"href":"https:\/\/dipiusalo.it\/de\/wp-json\/wp\/v2\/types\/page"}],"author":[{"embeddable":true,"href":"https:\/\/dipiusalo.it\/de\/wp-json\/wp\/v2\/users\/1"}],"replies":[{"embeddable":true,"href":"https:\/\/dipiusalo.it\/de\/wp-json\/wp\/v2\/comments?post=12344"}],"version-history":[{"count":9,"href":"https:\/\/dipiusalo.it\/de\/wp-json\/wp\/v2\/pages\/12344\/revisions"}],"predecessor-version":[{"id":13281,"href":"https:\/\/dipiusalo.it\/de\/wp-json\/wp\/v2\/pages\/12344\/revisions\/13281"}],"wp:attachment":[{"href":"https:\/\/dipiusalo.it\/de\/wp-json\/wp\/v2\/media?parent=12344"}],"curies":[{"name":"wp","href":"https:\/\/api.w.org\/{rel}","templated":true}]}}